{"id":160,"date":"2022-09-17T16:44:29","date_gmt":"2022-09-17T14:44:29","guid":{"rendered":"https:\/\/bijouxamazonie.fr\/?page_id=160"},"modified":"2023-03-10T12:50:49","modified_gmt":"2023-03-10T11:50:49","slug":"ou-nous-trouver","status":"publish","type":"page","link":"https:\/\/bijouxamazonie.fr\/?page_id=160","title":{"rendered":"O\u00f9 nous trouver"},"content":{"rendered":"\n<h2 class=\"has-text-align-center wp-block-heading\"><\/h2>\n\n\n\n<figure class=\"wp-block-pullquote\"><blockquote><p><strong>Nous sommes pr\u00e9sents sur divers march\u00e9s dans le Gard, la Loz\u00e8re<\/strong> <strong>et en Ard\u00e8che.<\/strong><br><br><strong>Lundi:<\/strong> Villefort (48) &#8211; (Nocturne Juillet \/ Ao\u00fbt)<br><strong>Mardi:<\/strong> Sampzon (07) &#8211; (Juillet \/ Ao\u00fbt) \/ Saint Ambroix (30)<br><strong>Mercredi:<\/strong> Joyeuse (07) \/ Goudargues (30)<br><strong>Jeudi:<\/strong> Vallon-Pont-d&rsquo;Arc (07)<br><strong>Vendredi:<\/strong> Barjac (30) \/ Ruoms (07)<br><strong>Samedi:<\/strong> Uz\u00e8s (30) \/ G\u00e9nolhac (30)<br><strong>Dimanche:<\/strong> March\u00e9 bio de Ruoms (07)<\/p><\/blockquote><\/figure>\n","protected":false},"excerpt":{"rendered":"<p>Nous sommes pr\u00e9sents sur divers march\u00e9s dans le Gard, la Loz\u00e8re et en Ard\u00e8che. Lundi: Villefort (48) &#8211; (Nocturne Juillet \/ Ao\u00fbt)Mardi: Sampzon (07) &#8211; (Juillet \/ Ao\u00fbt) \/ Saint Ambroix (30)Mercredi: Joyeuse (07) \/ Goudargues (30)Jeudi: Vallon-Pont-d&rsquo;Arc (07)Vendredi: Barjac (30) \/ Ruoms (07)Samedi: Uz\u00e8s (30) \/ G\u00e9nolhac (30)Dimanche: March\u00e9 bio de Ruoms (07)<\/p>\n","protected":false},"author":1,"featured_media":0,"parent":0,"menu_order":0,"comment_status":"closed","ping_status":"closed","template":"","meta":{"_joinchat":[],"footnotes":""},"class_list":["post-160","page","type-page","status-publish","hentry"],"_links":{"self":[{"href":"https:\/\/bijouxamazonie.fr\/index.php?rest_route=\/wp\/v2\/pages\/160","targetHints":{"allow":["GET"]}}],"collection":[{"href":"https:\/\/bijouxamazonie.fr\/index.php?rest_route=\/wp\/v2\/pages"}],"about":[{"href":"https:\/\/bijouxamazonie.fr\/index.php?rest_route=\/wp\/v2\/types\/page"}],"author":[{"embeddable":true,"href":"https:\/\/bijouxamazonie.fr\/index.php?rest_route=\/wp\/v2\/users\/1"}],"replies":[{"embeddable":true,"href":"https:\/\/bijouxamazonie.fr\/index.php?rest_route=%2Fwp%2Fv2%2Fcomments&post=160"}],"version-history":[{"count":13,"href":"https:\/\/bijouxamazonie.fr\/index.php?rest_route=\/wp\/v2\/pages\/160\/revisions"}],"predecessor-version":[{"id":594,"href":"https:\/\/bijouxamazonie.fr\/index.php?rest_route=\/wp\/v2\/pages\/160\/revisions\/594"}],"wp:attachment":[{"href":"https:\/\/bijouxamazonie.fr\/index.php?rest_route=%2Fwp%2Fv2%2Fmedia&parent=160"}],"curies":[{"name":"wp","href":"https:\/\/api.w.org\/{rel}","templated":true}]}}