{"id":162,"date":"2022-09-17T16:46:55","date_gmt":"2022-09-17T14:46:55","guid":{"rendered":"https:\/\/bijouxamazonie.fr\/?page_id=162"},"modified":"2022-09-19T10:17:49","modified_gmt":"2022-09-19T08:17:49","slug":"commander-un-bijou-sur-mesure","status":"publish","type":"page","link":"https:\/\/bijouxamazonie.fr\/?page_id=162","title":{"rendered":"Bijoux sur mesure"},"content":{"rendered":"\n<div class=\"wp-block-group\"><div class=\"wp-block-group__inner-container is-layout-flow wp-block-group-is-layout-flow\">\n<div class=\"wp-block-columns is-layout-flex wp-container-core-columns-is-layout-9d6595d7 wp-block-columns-is-layout-flex\">\n<div class=\"wp-block-column is-layout-flow wp-block-column-is-layout-flow\" style=\"flex-basis:100%\">\n<figure class=\"wp-block-pullquote\"><blockquote><p>Un mariage, une f\u00eate d&rsquo;anniversaire, une occasion particuli\u00e8re?<br>Vous souhaitez un bijou&nbsp;en accord avec votre tenue?<br>N&rsquo;h\u00e9sitez pas \u00e0 &nbsp;nous faire part de vos envies, nous nous ferons un plaisir de cr\u00e9er votre bijou sur mesure.<\/p><\/blockquote><\/figure>\n<\/div>\n<\/div>\n<\/div><\/div>\n","protected":false},"excerpt":{"rendered":"<p>Un mariage, une f\u00eate d&rsquo;anniversaire, une occasion particuli\u00e8re?Vous souhaitez un bijou&nbsp;en accord avec votre tenue?N&rsquo;h\u00e9sitez pas \u00e0 &nbsp;nous faire part de vos envies, nous nous ferons un plaisir de cr\u00e9er votre bijou sur mesure.<\/p>\n","protected":false},"author":1,"featured_media":0,"parent":0,"menu_order":0,"comment_status":"closed","ping_status":"closed","template":"","meta":{"_joinchat":[],"footnotes":""},"class_list":["post-162","page","type-page","status-publish","hentry"],"_links":{"self":[{"href":"https:\/\/bijouxamazonie.fr\/index.php?rest_route=\/wp\/v2\/pages\/162","targetHints":{"allow":["GET"]}}],"collection":[{"href":"https:\/\/bijouxamazonie.fr\/index.php?rest_route=\/wp\/v2\/pages"}],"about":[{"href":"https:\/\/bijouxamazonie.fr\/index.php?rest_route=\/wp\/v2\/types\/page"}],"author":[{"embeddable":true,"href":"https:\/\/bijouxamazonie.fr\/index.php?rest_route=\/wp\/v2\/users\/1"}],"replies":[{"embeddable":true,"href":"https:\/\/bijouxamazonie.fr\/index.php?rest_route=%2Fwp%2Fv2%2Fcomments&post=162"}],"version-history":[{"count":9,"href":"https:\/\/bijouxamazonie.fr\/index.php?rest_route=\/wp\/v2\/pages\/162\/revisions"}],"predecessor-version":[{"id":267,"href":"https:\/\/bijouxamazonie.fr\/index.php?rest_route=\/wp\/v2\/pages\/162\/revisions\/267"}],"wp:attachment":[{"href":"https:\/\/bijouxamazonie.fr\/index.php?rest_route=%2Fwp%2Fv2%2Fmedia&parent=162"}],"curies":[{"name":"wp","href":"https:\/\/api.w.org\/{rel}","templated":true}]}}