{"id":2,"date":"2022-09-16T14:53:39","date_gmt":"2022-09-16T12:53:39","guid":{"rendered":"http:\/\/bijouxamazonie.fr\/?page_id=2"},"modified":"2023-05-23T20:57:40","modified_gmt":"2023-05-23T18:57:40","slug":"page-d-exemple","status":"publish","type":"page","link":"https:\/\/bijouxamazonie.fr\/","title":{"rendered":"Accueil"},"content":{"rendered":"\n<p><\/p>\n\n\n\n<figure class=\"wp-block-pullquote\"><blockquote><p>Bonjour<br>Nous sommes une petite entreprise sp\u00e9cialis\u00e9e dans\u200b la cr\u00e9ation de bijoux en ivoire v\u00e9g\u00e9tal et graines d&rsquo;Amazonie.<br>100% faits main, ils sont aussi naturels, \u00e9cologiques, ethniques et uniques!<br>Les graines utilis\u00e9es proviennent de diff\u00e9rentes esp\u00e8ces de palmiers de la for\u00eat amazonienne\u00a0dont le palmier \u00e0 ivoire qui procure la graine de tagua (ou ivoire v\u00e9g\u00e9tal) qui ressemble par sa couleur et sa duret\u00e9 \u00e0 l&rsquo;ivoire d&rsquo;\u00e9l\u00e9phant.<br>Cette mati\u00e8re unique est utilis\u00e9e depuis des si\u00e8cles par les communaut\u00e9s amazoniennes.<br>Notre entreprise travaille de mani\u00e8re \u00e9thique et \u00e9quitable dans le respect\u00a0de l&rsquo;environnement.\u200b<br>Nous travaillons directement avec les populations locales au P\u00e9rou et en \u00c9quateur qui effectuent une partie du travail en amont.<br>En effet, apr\u00e8s avoir \u00e9t\u00e9 ramass\u00e9es et s\u00e9ch\u00e9es au soleil pendant une ann\u00e9e, les graines sont polies, color\u00e9es, taill\u00e9es&#8230;<br>Nous offrons ainsi un large choix de bijoux d\u00e9clin\u00e9s dans diverses couleurs pour s&rsquo;adapter \u00e0 vos go\u00fbts et vos envies.<\/p><\/blockquote><\/figure>\n\n\n\n<p><\/p>\n\n\n\n<p><\/p>\n\n\n\n<p><\/p>\n\n\n\n<p><\/p>\n","protected":false},"excerpt":{"rendered":"<p>BonjourNous sommes une petite entreprise sp\u00e9cialis\u00e9e dans\u200b la cr\u00e9ation de bijoux en ivoire v\u00e9g\u00e9tal et graines d&rsquo;Amazonie.100% faits main, ils sont aussi naturels, \u00e9cologiques, ethniques et uniques!Les graines utilis\u00e9es proviennent de diff\u00e9rentes esp\u00e8ces de palmiers de la for\u00eat amazonienne\u00a0dont le palmier \u00e0 ivoire qui procure la graine de tagua (ou ivoire v\u00e9g\u00e9tal) qui ressemble par sa couleur et sa duret\u00e9 \u00e0 l&rsquo;ivoire d&rsquo;\u00e9l\u00e9phant.Cette mati\u00e8re unique est utilis\u00e9e depuis des si\u00e8cles par les communaut\u00e9s amazoniennes.Notre entreprise travaille de mani\u00e8re \u00e9thique et \u00e9quitable dans le respect\u00a0de l&rsquo;environnement.\u200bNous travaillons directement avec les populations locales au P\u00e9rou et en \u00c9quateur qui effectuent une partie du travail en amont.En effet, apr\u00e8s avoir \u00e9t\u00e9 ramass\u00e9es et s\u00e9ch\u00e9es au soleil pendant une ann\u00e9e, les graines sont polies, color\u00e9es, taill\u00e9es&#8230;Nous offrons ainsi un large choix de bijoux d\u00e9clin\u00e9s dans diverses couleurs pour s&rsquo;adapter \u00e0 vos go\u00fbts et vos envies.<\/p>\n","protected":false},"author":1,"featured_media":0,"parent":0,"menu_order":0,"comment_status":"closed","ping_status":"open","template":"","meta":{"_joinchat":[],"footnotes":""},"class_list":["post-2","page","type-page","status-publish","hentry"],"_links":{"self":[{"href":"https:\/\/bijouxamazonie.fr\/index.php?rest_route=\/wp\/v2\/pages\/2","targetHints":{"allow":["GET"]}}],"collection":[{"href":"https:\/\/bijouxamazonie.fr\/index.php?rest_route=\/wp\/v2\/pages"}],"about":[{"href":"https:\/\/bijouxamazonie.fr\/index.php?rest_route=\/wp\/v2\/types\/page"}],"author":[{"embeddable":true,"href":"https:\/\/bijouxamazonie.fr\/index.php?rest_route=\/wp\/v2\/users\/1"}],"replies":[{"embeddable":true,"href":"https:\/\/bijouxamazonie.fr\/index.php?rest_route=%2Fwp%2Fv2%2Fcomments&post=2"}],"version-history":[{"count":8,"href":"https:\/\/bijouxamazonie.fr\/index.php?rest_route=\/wp\/v2\/pages\/2\/revisions"}],"predecessor-version":[{"id":810,"href":"https:\/\/bijouxamazonie.fr\/index.php?rest_route=\/wp\/v2\/pages\/2\/revisions\/810"}],"wp:attachment":[{"href":"https:\/\/bijouxamazonie.fr\/index.php?rest_route=%2Fwp%2Fv2%2Fmedia&parent=2"}],"curies":[{"name":"wp","href":"https:\/\/api.w.org\/{rel}","templated":true}]}}